{"id":75920,"date":"2020-02-06T09:09:19","date_gmt":"2020-02-06T14:09:19","guid":{"rendered":"https:\/\/happylivingcenter.com\/?page_id=75920"},"modified":"2025-08-30T12:52:31","modified_gmt":"2025-08-30T17:52:31","slug":"electropuntura","status":"publish","type":"page","link":"https:\/\/happylivingcenter.com\/index.php\/electropuntura\/","title":{"rendered":"Electropuntura"},"content":{"rendered":"\t\t<div data-elementor-type=\"wp-page\" data-elementor-id=\"75920\" class=\"elementor elementor-75920\" data-elementor-post-type=\"page\">\n\t\t\t\t\t\t<section class=\"elementor-section elementor-top-section elementor-element elementor-element-3d3564e elementor-section-content-middle elementor-section-boxed elementor-section-height-default elementor-section-height-default\" data-id=\"3d3564e\" data-element_type=\"section\">\n\t\t\t\t\t\t<div class=\"elementor-container elementor-column-gap-default\">\n\t\t\t\t\t<div class=\" elementor-column elementor-col-50 elementor-top-column elementor-element elementor-element-79dfc93\" data-fullscreen-column-settings=\"{&quot;fullscreen&quot;:&quot;&quot;}\" data-id=\"79dfc93\" data-element_type=\"column\">\n\t\t\t<div class=\"elementor-widget-wrap elementor-element-populated\">\n\t\t\t\t\t\t<div class=\"elementor-element elementor-element-28d4f06 elementor-widget elementor-widget-litho-heading\" data-id=\"28d4f06\" data-element_type=\"widget\" data-widget_type=\"litho-heading.default\">\n\t\t\t\t<div class=\"elementor-widget-container\">\n\t\t\t\t\t<span class=\"litho-heading elementor-size-default\"><span class=\"litho-primary-title\">\u26a1 Electropuntura<\/span><\/span>\t\t\t\t<\/div>\n\t\t\t\t<\/div>\n\t\t\t\t<div class=\"elementor-element elementor-element-d8f943b elementor-widget__width-initial elementor-widget-tablet__width-initial elementor-widget-mobile__width-initial elementor-widget elementor-widget-litho-heading\" data-id=\"d8f943b\" data-element_type=\"widget\" data-widget_type=\"litho-heading.default\">\n\t\t\t\t<div class=\"elementor-widget-container\">\n\t\t\t\t\t<h4 class=\"litho-heading elementor-size-default\"><span class=\"litho-primary-title\">t\u00e9cnica moderna que combina los principios milenarios de la acupuntura<\/span><\/h4>\t\t\t\t<\/div>\n\t\t\t\t<\/div>\n\t\t\t\t<div class=\"elementor-element elementor-element-91edec0 elementor-widget__width-initial elementor-widget-mobile__width-initial elementor-widget-tablet__width-initial elementor-widget elementor-widget-text-editor\" data-id=\"91edec0\" data-element_type=\"widget\" data-widget_type=\"text-editor.default\">\n\t\t\t\t\t\t\t\t\t<p>con la innovaci\u00f3n de la bioenerg\u00e9tica. Mediante la aplicaci\u00f3n de suaves impulsos el\u00e9ctricos en puntos espec\u00edficos del cuerpo, se logra una estimulaci\u00f3n m\u00e1s profunda que favorece la regulaci\u00f3n del sistema nervioso, el alivio del dolor y el equilibrio energ\u00e9tico.<\/p>\t\t\t\t\t\t\t\t<\/div>\n\t\t\t\t<div class=\"elementor-element elementor-element-5c7524d elementor-widget elementor-widget-litho-heading\" data-id=\"5c7524d\" data-element_type=\"widget\" data-widget_type=\"litho-heading.default\">\n\t\t\t\t<div class=\"elementor-widget-container\">\n\t\t\t\t\t<h5 class=\"litho-heading elementor-size-default\"><span class=\"litho-primary-title\">Entre sus principales beneficios se encuentran:<\/span><\/h5>\t\t\t\t<\/div>\n\t\t\t\t<\/div>\n\t\t\t\t<div class=\"elementor-element elementor-element-5d91d95 elementor-widget__width-initial elementor-widget-mobile__width-initial elementor-widget-tablet__width-inherit elementor-widget elementor-widget-text-editor\" data-id=\"5d91d95\" data-element_type=\"widget\" data-widget_type=\"text-editor.default\">\n\t\t\t\t\t\t\t\t\t<ul data-start=\"1947\" data-end=\"2293\"><li data-start=\"1947\" data-end=\"2037\"><p data-start=\"1949\" data-end=\"2037\">Reducci\u00f3n de dolores cr\u00f3nicos y agudos (musculares, articulares o de origen nervioso).<\/p><\/li><li data-start=\"2038\" data-end=\"2102\"><p data-start=\"2040\" data-end=\"2102\">Regulaci\u00f3n del sue\u00f1o y mejora de problemas como el insomnio.<\/p><\/li><li data-start=\"2103\" data-end=\"2170\"><p data-start=\"2105\" data-end=\"2170\">Disminuci\u00f3n de la ansiedad, el estr\u00e9s y los estados de tensi\u00f3n.<\/p><\/li><li data-start=\"2171\" data-end=\"2232\"><p data-start=\"2173\" data-end=\"2232\">Mejora de la circulaci\u00f3n sangu\u00ednea y oxigenaci\u00f3n celular.<\/p><\/li><li data-start=\"2233\" data-end=\"2293\"><p data-start=\"2235\" data-end=\"2293\">Apoyo en programas de p\u00e9rdida de peso y desintoxicaci\u00f3n.<\/p><\/li><\/ul><p data-start=\"2295\" data-end=\"2476\">Lo mejor de la electropuntura es que es <strong data-start=\"2335\" data-end=\"2386\">un procedimiento no invasivo, indoloro y seguro<\/strong>, que puede aplicarse tanto en procesos terap\u00e9uticos como en planes integrales de salud.<\/p><p data-start=\"2478\" data-end=\"2688\">\u2728 <strong data-start=\"2480\" data-end=\"2686\">En Happy Living aplicamos esta t\u00e9cnica con equipos modernos y profesionales capacitados para brindarte resultados visibles y bienestar real. Escr\u00edbenos y agenda tu cita para tu sesi\u00f3n de electropuntura.<\/strong><\/p>\t\t\t\t\t\t\t\t<\/div>\n\t\t\t\t<div class=\"elementor-element elementor-element-683b14d elementor-widget elementor-widget-litho-button\" data-id=\"683b14d\" data-element_type=\"widget\" data-widget_type=\"litho-button.default\">\n\t\t\t\t<div class=\"elementor-widget-container\">\n\t\t\t\t\t\t\t\t\t<div class=\"elementor-button-wrapper litho-button-wrapper\">\n\t\t\t\t\t<a class=\"elementor-button-link elementor-button elementor-size-md \" href=\"https:\/\/happylivingcenter.com\/agendar\/\" role=\"button\">\n\t\t\t\t\t\t\t\t\t<span class=\"elementor-button-content-wrapper\">\n\t\t\t\t\t\t\t\t<span class=\"elementor-button-icon elementor-align-icon-right\">\n\t\t\t\t\t<i aria-hidden=\"true\" class=\" icon-feather-arrow-right\"><\/i>\t\t\t\t<\/span>\n\t\t\t\t\t\t\t\t\t\t\t\t\t<span class=\"elementor-button-text\">Rerserve si cita Ahora<\/span>\n\t\t\t\t\t\t\t<\/span>\n\t\t\t\t\t\t\t\t\t<span class=\"screen-reader-text\">Button<\/span>\n\t\t\t\t\t<\/a>\n\t\t\t\t<\/div>\n\t\t\t\t\t\t\t<\/div>\n\t\t\t\t<\/div>\n\t\t\t\t\t<\/div>\n\t\t<\/div>\n\t\t\t\t<div class=\" elementor-column elementor-col-50 elementor-top-column elementor-element elementor-element-61bcbf8\" data-fullscreen-column-settings=\"{&quot;fullscreen&quot;:&quot;&quot;}\" data-id=\"61bcbf8\" data-element_type=\"column\">\n\t\t\t<div class=\"elementor-widget-wrap elementor-element-populated\">\n\t\t\t\t\t\t<div class=\"elementor-element elementor-element-2d56612 elementor-widget elementor-widget-litho-image-offset-shadow\" data-id=\"2d56612\" data-element_type=\"widget\" data-widget_type=\"litho-image-offset-shadow.default\">\n\t\t\t\t<div class=\"elementor-widget-container\">\n\t\t\t\t\t\t\t\t\t<div class=\"image-back-offset-shadow width-100\">\n\t\t\t\t\t<img decoding=\"async\" src=\"https:\/\/happylivingcenter.com\/wp-content\/uploads\/2025\/08\/electroacupuntura-400x440-1-400x400-1.png\" alt=\"electroacupuntura-400x440-1-400x400\"  srcset=\"https:\/\/happylivingcenter.com\/wp-content\/uploads\/2025\/08\/electroacupuntura-400x440-1-400x400-1.png 400w, https:\/\/happylivingcenter.com\/wp-content\/uploads\/2025\/08\/electroacupuntura-400x440-1-400x400-1-300x300.png 300w, https:\/\/happylivingcenter.com\/wp-content\/uploads\/2025\/08\/electroacupuntura-400x440-1-400x400-1-150x150.png 150w, https:\/\/happylivingcenter.com\/wp-content\/uploads\/2025\/08\/electroacupuntura-400x440-1-400x400-1-100x100.png 100w\" sizes=\"(max-width: 400px) 100vw, 400px\" \/>\t\t\t\t\t<span class=\"overlay\"><\/span>\n\t\t\t\t<\/div>\n\t\t\t\t\t\t\t\t<\/div>\n\t\t\t\t<\/div>\n\t\t\t\t\t<\/div>\n\t\t<\/div>\n\t\t\t\t\t<\/div>\n\t\t<\/section>\n\t\t\t\t<\/div>\n\t\t","protected":false},"excerpt":{"rendered":"<p>\u26a1 Electropuntura t\u00e9cnica moderna que combina los principios milenarios de la acupuntura con la innovaci\u00f3n de la bioenerg\u00e9tica. Mediante la aplicaci\u00f3n de suaves impulsos el\u00e9ctricos en puntos espec\u00edficos del cuerpo, se logra una estimulaci\u00f3n m\u00e1s profunda que favorece la regulaci\u00f3n del sistema nervioso, el alivio del dolor y el equilibrio energ\u00e9tico. Entre sus principales beneficios [&hellip;]<\/p>\n","protected":false},"author":1,"featured_media":0,"parent":0,"menu_order":172,"comment_status":"closed","ping_status":"closed","template":"","meta":{"footnotes":""},"class_list":["post-75920","page","type-page","status-publish","hentry"],"_links":{"self":[{"href":"https:\/\/happylivingcenter.com\/index.php\/wp-json\/wp\/v2\/pages\/75920","targetHints":{"allow":["GET"]}}],"collection":[{"href":"https:\/\/happylivingcenter.com\/index.php\/wp-json\/wp\/v2\/pages"}],"about":[{"href":"https:\/\/happylivingcenter.com\/index.php\/wp-json\/wp\/v2\/types\/page"}],"author":[{"embeddable":true,"href":"https:\/\/happylivingcenter.com\/index.php\/wp-json\/wp\/v2\/users\/1"}],"replies":[{"embeddable":true,"href":"https:\/\/happylivingcenter.com\/index.php\/wp-json\/wp\/v2\/comments?post=75920"}],"version-history":[{"count":4,"href":"https:\/\/happylivingcenter.com\/index.php\/wp-json\/wp\/v2\/pages\/75920\/revisions"}],"predecessor-version":[{"id":75941,"href":"https:\/\/happylivingcenter.com\/index.php\/wp-json\/wp\/v2\/pages\/75920\/revisions\/75941"}],"wp:attachment":[{"href":"https:\/\/happylivingcenter.com\/index.php\/wp-json\/wp\/v2\/media?parent=75920"}],"curies":[{"name":"wp","href":"https:\/\/api.w.org\/{rel}","templated":true}]}}