{"id":75944,"date":"2025-08-30T12:53:29","date_gmt":"2025-08-30T17:53:29","guid":{"rendered":"https:\/\/happylivingcenter.com\/?page_id=75944"},"modified":"2025-08-30T12:54:44","modified_gmt":"2025-08-30T17:54:44","slug":"psicologia-integral","status":"publish","type":"page","link":"https:\/\/happylivingcenter.com\/index.php\/psicologia-integral\/","title":{"rendered":"Psicolog\u00eda Integral"},"content":{"rendered":"\t\t<div data-elementor-type=\"wp-page\" data-elementor-id=\"75944\" class=\"elementor elementor-75944\" data-elementor-post-type=\"page\">\n\t\t\t\t\t\t<section class=\"elementor-section elementor-top-section elementor-element elementor-element-3d3564e elementor-section-content-middle elementor-section-boxed elementor-section-height-default elementor-section-height-default\" data-id=\"3d3564e\" data-element_type=\"section\">\n\t\t\t\t\t\t<div class=\"elementor-container elementor-column-gap-default\">\n\t\t\t\t\t<div class=\" elementor-column elementor-col-50 elementor-top-column elementor-element elementor-element-79dfc93\" data-fullscreen-column-settings=\"{&quot;fullscreen&quot;:&quot;&quot;}\" data-id=\"79dfc93\" data-element_type=\"column\">\n\t\t\t<div class=\"elementor-widget-wrap elementor-element-populated\">\n\t\t\t\t\t\t<div class=\"elementor-element elementor-element-28d4f06 elementor-widget elementor-widget-litho-heading\" data-id=\"28d4f06\" data-element_type=\"widget\" data-widget_type=\"litho-heading.default\">\n\t\t\t\t<div class=\"elementor-widget-container\">\n\t\t\t\t\t<span class=\"litho-heading elementor-size-default\"><span class=\"litho-primary-title\">\ud83c\udf31 Psicolog\u00eda Integral<\/span><\/span>\t\t\t\t<\/div>\n\t\t\t\t<\/div>\n\t\t\t\t<div class=\"elementor-element elementor-element-d8f943b elementor-widget__width-initial elementor-widget-tablet__width-initial elementor-widget-mobile__width-initial elementor-widget elementor-widget-litho-heading\" data-id=\"d8f943b\" data-element_type=\"widget\" data-widget_type=\"litho-heading.default\">\n\t\t\t\t<div class=\"elementor-widget-container\">\n\t\t\t\t\t<h4 class=\"litho-heading elementor-size-default\"><span class=\"litho-primary-title\">mente y las emociones son el motor de tu bienestar.<\/span><\/h4>\t\t\t\t<\/div>\n\t\t\t\t<\/div>\n\t\t\t\t<div class=\"elementor-element elementor-element-91edec0 elementor-widget__width-initial elementor-widget-mobile__width-initial elementor-widget-tablet__width-initial elementor-widget elementor-widget-text-editor\" data-id=\"91edec0\" data-element_type=\"widget\" data-widget_type=\"text-editor.default\">\n\t\t\t\t\t\t\t\t\t<p>Muchas veces los s\u00edntomas f\u00edsicos son solo la manifestaci\u00f3n de lo que ocurre en tu mundo interior. Por eso, nuestra <strong data-start=\"531\" data-end=\"554\">Psicolog\u00eda Integral<\/strong> est\u00e1 dise\u00f1ada para acompa\u00f1arte de manera profesional, humana y cercana en esos momentos donde necesitas claridad, apoyo y transformaci\u00f3n.<\/p>\t\t\t\t\t\t\t\t<\/div>\n\t\t\t\t<div class=\"elementor-element elementor-element-5c7524d elementor-widget elementor-widget-litho-heading\" data-id=\"5c7524d\" data-element_type=\"widget\" data-widget_type=\"litho-heading.default\">\n\t\t\t\t<div class=\"elementor-widget-container\">\n\t\t\t\t\t<h5 class=\"litho-heading elementor-size-default\"><span class=\"litho-primary-title\">A trav\u00e9s de un enfoque integral, trabajamos contigo en temas como:<\/span><\/h5>\t\t\t\t<\/div>\n\t\t\t\t<\/div>\n\t\t\t\t<div class=\"elementor-element elementor-element-5d91d95 elementor-widget__width-initial elementor-widget-mobile__width-initial elementor-widget-tablet__width-inherit elementor-widget elementor-widget-text-editor\" data-id=\"5d91d95\" data-element_type=\"widget\" data-widget_type=\"text-editor.default\">\n\t\t\t\t\t\t\t\t\t<ul data-start=\"765\" data-end=\"983\"><li data-start=\"765\" data-end=\"798\"><p data-start=\"767\" data-end=\"798\">Estr\u00e9s, ansiedad y depresi\u00f3n.<\/p><\/li><li data-start=\"799\" data-end=\"829\"><p data-start=\"801\" data-end=\"829\">Duelo y crisis personales.<\/p><\/li><li data-start=\"830\" data-end=\"868\"><p data-start=\"832\" data-end=\"868\">Conflictos familiares o de pareja.<\/p><\/li><li data-start=\"869\" data-end=\"913\"><p data-start=\"871\" data-end=\"913\">Mejora de la autoestima y autoconfianza.<\/p><\/li><li data-start=\"914\" data-end=\"983\"><p data-start=\"916\" data-end=\"983\">Herramientas pr\u00e1cticas para manejar emociones y tomar decisiones.<\/p><\/li><\/ul><p data-start=\"985\" data-end=\"1303\">La diferencia de nuestra psicolog\u00eda integral es que no nos limitamos solo a la terapia convencional, sino que integramos recursos de la medicina alternativa y terapias complementarias que potencian tu proceso de sanaci\u00f3n. As\u00ed, el trabajo no solo se queda en la mente, sino que tambi\u00e9n fortalece tu cuerpo y esp\u00edritu.<\/p><p data-start=\"1305\" data-end=\"1507\">\ud83d\udcac <strong data-start=\"1308\" data-end=\"1505\">En Happy Living encontrar\u00e1s un espacio seguro donde puedes hablar sin miedo y ser escuchado. Escr\u00edbenos ahora mismo y agenda tu cita para iniciar este camino de sanaci\u00f3n y equilibrio emocional.<\/strong><\/p>\t\t\t\t\t\t\t\t<\/div>\n\t\t\t\t<div class=\"elementor-element elementor-element-683b14d elementor-widget elementor-widget-litho-button\" data-id=\"683b14d\" data-element_type=\"widget\" data-widget_type=\"litho-button.default\">\n\t\t\t\t<div class=\"elementor-widget-container\">\n\t\t\t\t\t\t\t\t\t<div class=\"elementor-button-wrapper litho-button-wrapper\">\n\t\t\t\t\t<a class=\"elementor-button-link elementor-button elementor-size-md \" href=\"https:\/\/happylivingcenter.com\/agendar\/\" role=\"button\">\n\t\t\t\t\t\t\t\t\t<span class=\"elementor-button-content-wrapper\">\n\t\t\t\t\t\t\t\t<span class=\"elementor-button-icon elementor-align-icon-right\">\n\t\t\t\t\t<i aria-hidden=\"true\" class=\" icon-feather-arrow-right\"><\/i>\t\t\t\t<\/span>\n\t\t\t\t\t\t\t\t\t\t\t\t\t<span class=\"elementor-button-text\">Rerserve si cita Ahora<\/span>\n\t\t\t\t\t\t\t<\/span>\n\t\t\t\t\t\t\t\t\t<span class=\"screen-reader-text\">Button<\/span>\n\t\t\t\t\t<\/a>\n\t\t\t\t<\/div>\n\t\t\t\t\t\t\t<\/div>\n\t\t\t\t<\/div>\n\t\t\t\t\t<\/div>\n\t\t<\/div>\n\t\t\t\t<div class=\" elementor-column elementor-col-50 elementor-top-column elementor-element elementor-element-61bcbf8\" data-fullscreen-column-settings=\"{&quot;fullscreen&quot;:&quot;&quot;}\" data-id=\"61bcbf8\" data-element_type=\"column\">\n\t\t\t<div class=\"elementor-widget-wrap elementor-element-populated\">\n\t\t\t\t\t\t<div class=\"elementor-element elementor-element-2d56612 elementor-widget elementor-widget-litho-image-offset-shadow\" data-id=\"2d56612\" data-element_type=\"widget\" data-widget_type=\"litho-image-offset-shadow.default\">\n\t\t\t\t<div class=\"elementor-widget-container\">\n\t\t\t\t\t\t\t\t\t<div class=\"image-back-offset-shadow width-100\">\n\t\t\t\t\t<img decoding=\"async\" src=\"https:\/\/happylivingcenter.com\/wp-content\/uploads\/2025\/08\/home-yoga-meditation-popular-classes-img01.jpg.webp\" alt=\"home-yoga-meditation-popular-classes-img01.jpg\"  srcset=\"https:\/\/happylivingcenter.com\/wp-content\/uploads\/2025\/08\/home-yoga-meditation-popular-classes-img01.jpg.webp 720w, https:\/\/happylivingcenter.com\/wp-content\/uploads\/2025\/08\/home-yoga-meditation-popular-classes-img01.jpg-300x219.webp 300w, https:\/\/happylivingcenter.com\/wp-content\/uploads\/2025\/08\/home-yoga-meditation-popular-classes-img01.jpg-600x438.webp 600w\" sizes=\"(max-width: 720px) 100vw, 720px\" \/>\t\t\t\t\t<span class=\"overlay\"><\/span>\n\t\t\t\t<\/div>\n\t\t\t\t\t\t\t\t<\/div>\n\t\t\t\t<\/div>\n\t\t\t\t\t<\/div>\n\t\t<\/div>\n\t\t\t\t\t<\/div>\n\t\t<\/section>\n\t\t\t\t<\/div>\n\t\t","protected":false},"excerpt":{"rendered":"<p>\ud83c\udf31 Psicolog\u00eda Integral mente y las emociones son el motor de tu bienestar. Muchas veces los s\u00edntomas f\u00edsicos son solo la manifestaci\u00f3n de lo que ocurre en tu mundo interior. Por eso, nuestra Psicolog\u00eda Integral est\u00e1 dise\u00f1ada para acompa\u00f1arte de manera profesional, humana y cercana en esos momentos donde necesitas claridad, apoyo y transformaci\u00f3n. A [&hellip;]<\/p>\n","protected":false},"author":1,"featured_media":0,"parent":0,"menu_order":172,"comment_status":"closed","ping_status":"closed","template":"","meta":{"footnotes":""},"class_list":["post-75944","page","type-page","status-publish","hentry"],"_links":{"self":[{"href":"https:\/\/happylivingcenter.com\/index.php\/wp-json\/wp\/v2\/pages\/75944","targetHints":{"allow":["GET"]}}],"collection":[{"href":"https:\/\/happylivingcenter.com\/index.php\/wp-json\/wp\/v2\/pages"}],"about":[{"href":"https:\/\/happylivingcenter.com\/index.php\/wp-json\/wp\/v2\/types\/page"}],"author":[{"embeddable":true,"href":"https:\/\/happylivingcenter.com\/index.php\/wp-json\/wp\/v2\/users\/1"}],"replies":[{"embeddable":true,"href":"https:\/\/happylivingcenter.com\/index.php\/wp-json\/wp\/v2\/comments?post=75944"}],"version-history":[{"count":4,"href":"https:\/\/happylivingcenter.com\/index.php\/wp-json\/wp\/v2\/pages\/75944\/revisions"}],"predecessor-version":[{"id":75948,"href":"https:\/\/happylivingcenter.com\/index.php\/wp-json\/wp\/v2\/pages\/75944\/revisions\/75948"}],"wp:attachment":[{"href":"https:\/\/happylivingcenter.com\/index.php\/wp-json\/wp\/v2\/media?parent=75944"}],"curies":[{"name":"wp","href":"https:\/\/api.w.org\/{rel}","templated":true}]}}