{"id":75957,"date":"2025-08-30T12:58:05","date_gmt":"2025-08-30T17:58:05","guid":{"rendered":"https:\/\/happylivingcenter.com\/?page_id=75957"},"modified":"2025-08-30T12:58:46","modified_gmt":"2025-08-30T17:58:46","slug":"peso-emocional","status":"publish","type":"page","link":"https:\/\/happylivingcenter.com\/index.php\/peso-emocional\/","title":{"rendered":"Peso emocional"},"content":{"rendered":"\t\t<div data-elementor-type=\"wp-page\" data-elementor-id=\"75957\" class=\"elementor elementor-75957\" data-elementor-post-type=\"page\">\n\t\t\t\t\t\t<section class=\"elementor-section elementor-top-section elementor-element elementor-element-e871884 elementor-section-content-middle pesoemocional elementor-section-boxed elementor-section-height-default elementor-section-height-default elementor-invisible\" data-id=\"e871884\" data-element_type=\"section\" data-settings=\"{&quot;animation&quot;:&quot;fadeInUp&quot;}\">\n\t\t\t\t\t\t<div class=\"elementor-container elementor-column-gap-default\">\n\t\t\t\t\t<div class=\" elementor-column elementor-col-33 elementor-top-column elementor-element elementor-element-9408d5e elementor-invisible\" data-fullscreen-column-settings=\"{&quot;fullscreen&quot;:&quot;&quot;}\" data-id=\"9408d5e\" data-element_type=\"column\" data-settings=\"{&quot;animation&quot;:&quot;fadeIn&quot;}\">\n\t\t\t<div class=\"elementor-widget-wrap elementor-element-populated\">\n\t\t\t\t\t\t<div class=\"elementor-element elementor-element-e13eff3 elementor-widget elementor-widget-litho-heading\" data-id=\"e13eff3\" data-element_type=\"widget\" data-widget_type=\"litho-heading.default\">\n\t\t\t\t<div class=\"elementor-widget-container\">\n\t\t\t\t\t<span class=\"litho-heading elementor-size-default\"><span class=\"litho-primary-title\">\ud83c\udf93 Masterclass\n<\/span><\/span>\t\t\t\t<\/div>\n\t\t\t\t<\/div>\n\t\t\t\t<div class=\"elementor-element elementor-element-d7cc1d4 elementor-widget-tablet__width-inherit elementor-widget elementor-widget-litho-heading\" data-id=\"d7cc1d4\" data-element_type=\"widget\" data-widget_type=\"litho-heading.default\">\n\t\t\t\t<div class=\"elementor-widget-container\">\n\t\t\t\t\t<h5 class=\"litho-heading elementor-size-default\"><span class=\"litho-primary-title\">\ud83d\udd25 \u201cLibera tu Peso Emocional\u201d<\/span><\/h5>\t\t\t\t<\/div>\n\t\t\t\t<\/div>\n\t\t\t\t<div class=\"elementor-element elementor-element-df06a7d elementor-widget elementor-widget-text-editor\" data-id=\"df06a7d\" data-element_type=\"widget\" data-widget_type=\"text-editor.default\">\n\t\t\t\t\t\t\t\t\t<p>\u00bfSab\u00edas que muchas veces tu sobrepeso no est\u00e1 en la comida\u2026 sino en tus emociones?<\/p><p>En esta masterclass descubrir\u00e1s c\u00f3mo la <strong data-start=\"2260\" data-end=\"2288\">medicina y la psicolog\u00eda<\/strong> trabajan juntas para:<\/p>\t\t\t\t\t\t\t\t<\/div>\n\t\t\t\t<div class=\"elementor-element elementor-element-6f0748c elementor-icon-list--layout-traditional elementor-widget elementor-widget-litho-lists\" data-id=\"6f0748c\" data-element_type=\"widget\" data-widget_type=\"litho-lists.default\">\n\t\t\t\t<div class=\"elementor-widget-container\">\n\t\t\t\t\t\t\t\t<ul class=\"elementor-icon-list-items\">\n\t\t\t\t\t\t\t\t\t<li class=\"elementor-icon-list-item list-item\">\n\t\t\t\t\t\t\t\t\t\t\t\t\t<span class=\"elementor-icon-list-icon\">\n\t\t\t\t\t\t\t\t<i aria-hidden=\"true\" class=\"fa-solid fa-check\"><\/i>\t\t\t\t\t\t\t<\/span>\n\t\t\t\t\t\t\t\t\t\t\t\t<span class=\"elementor-icon-list-text\">Sanar tu relaci\u00f3n con la comida<\/span>\n\t\t\t\t\t\t\t\t\t\t\t<\/li>\n\t\t\t\t\t\t\t\t\t\t<li class=\"elementor-icon-list-item list-item\">\n\t\t\t\t\t\t\t\t\t\t\t\t\t<span class=\"elementor-icon-list-icon\">\n\t\t\t\t\t\t\t\t<i aria-hidden=\"true\" class=\"fa-solid fa-check\"><\/i>\t\t\t\t\t\t\t<\/span>\n\t\t\t\t\t\t\t\t\t\t\t\t<span class=\"elementor-icon-list-text\">Comprender el impacto de las emociones en tu peso<\/span>\n\t\t\t\t\t\t\t\t\t\t\t<\/li>\n\t\t\t\t\t\t\t\t\t\t<li class=\"elementor-icon-list-item list-item\">\n\t\t\t\t\t\t\t\t\t\t\t\t\t<span class=\"elementor-icon-list-icon\">\n\t\t\t\t\t\t\t\t<i aria-hidden=\"true\" class=\"fa-solid fa-check\"><\/i>\t\t\t\t\t\t\t<\/span>\n\t\t\t\t\t\t\t\t\t\t\t\t<span class=\"elementor-icon-list-text\">Aprender estrategias pr\u00e1cticas para vivir m\u00e1s saludable<\/span>\n\t\t\t\t\t\t\t\t\t\t\t<\/li>\n\t\t\t\t\t\t\t\t<\/ul>\n\t\t\t\t\t\t\t<\/div>\n\t\t\t\t<\/div>\n\t\t\t\t<div class=\"elementor-element elementor-element-27ee772 elementor-widget elementor-widget-text-editor\" data-id=\"27ee772\" data-element_type=\"widget\" data-widget_type=\"text-editor.default\">\n\t\t\t\t\t\t\t\t\t<p>\ud83d\udc49 Una experiencia transformadora para quienes desean perder peso desde la ra\u00edz, con un enfoque integral.<\/p>\t\t\t\t\t\t\t\t<\/div>\n\t\t\t\t<div class=\"elementor-element elementor-element-431d841 elementor-widget elementor-widget-litho-button\" data-id=\"431d841\" data-element_type=\"widget\" data-widget_type=\"litho-button.default\">\n\t\t\t\t<div class=\"elementor-widget-container\">\n\t\t\t\t\t\t\t\t\t<div class=\"elementor-button-wrapper litho-button-wrapper\">\n\t\t\t\t\t<a class=\"elementor-button-link elementor-button elementor-size-xs \" href=\"#\" role=\"button\">\n\t\t\t\t\t\t\t\t\t<span class=\"elementor-button-content-wrapper\">\n\t\t\t\t\t\t\t\t<span class=\"elementor-button-icon elementor-align-icon-left\">\n\t\t\t\t\t<i aria-hidden=\"true\" class=\"far fa-building\"><\/i>\t\t\t\t<\/span>\n\t\t\t\t\t\t\t\t\t\t\t\t\t<span class=\"elementor-button-text\">Quiero inscribirme Ahora!<\/span>\n\t\t\t\t\t\t\t<\/span>\n\t\t\t\t\t\t\t\t\t<span class=\"screen-reader-text\">Button<\/span>\n\t\t\t\t\t<\/a>\n\t\t\t\t<\/div>\n\t\t\t\t\t\t\t<\/div>\n\t\t\t\t<\/div>\n\t\t\t\t\t<\/div>\n\t\t<\/div>\n\t\t\t\t<div class=\" elementor-column elementor-col-33 elementor-top-column elementor-element elementor-element-7e1dfa3 elementor-hidden-tablet elementor-hidden-phone\" data-fullscreen-column-settings=\"{&quot;fullscreen&quot;:&quot;&quot;}\" data-id=\"7e1dfa3\" data-element_type=\"column\">\n\t\t\t<div class=\"elementor-widget-wrap\">\n\t\t\t\t\t\t\t<\/div>\n\t\t<\/div>\n\t\t\t\t<div class=\" elementor-column elementor-col-33 elementor-top-column elementor-element elementor-element-07da947 elementor-invisible\" data-fullscreen-column-settings=\"{&quot;fullscreen&quot;:&quot;&quot;}\" data-id=\"07da947\" data-element_type=\"column\" data-settings=\"{&quot;animation&quot;:&quot;fadeIn&quot;,&quot;animation_delay&quot;:400}\">\n\t\t\t<div class=\"elementor-widget-wrap elementor-element-populated\">\n\t\t\t\t\t\t<div class=\"elementor-element elementor-element-ff37270 elementor-widget elementor-widget-image\" data-id=\"ff37270\" data-element_type=\"widget\" data-widget_type=\"image.default\">\n\t\t\t\t\t\t\t\t\t\t\t\t\t\t\t<img fetchpriority=\"high\" decoding=\"async\" width=\"1080\" height=\"1350\" src=\"https:\/\/happylivingcenter.com\/wp-content\/uploads\/2025\/08\/HappyLiving.jpg\" class=\"attachment-full size-full wp-image-75623\" alt=\"HappyLiving\" srcset=\"https:\/\/happylivingcenter.com\/wp-content\/uploads\/2025\/08\/HappyLiving.jpg 1080w, https:\/\/happylivingcenter.com\/wp-content\/uploads\/2025\/08\/HappyLiving-240x300.jpg 240w, https:\/\/happylivingcenter.com\/wp-content\/uploads\/2025\/08\/HappyLiving-819x1024.jpg 819w, https:\/\/happylivingcenter.com\/wp-content\/uploads\/2025\/08\/HappyLiving-768x960.jpg 768w, https:\/\/happylivingcenter.com\/wp-content\/uploads\/2025\/08\/HappyLiving-300x375.jpg 300w, https:\/\/happylivingcenter.com\/wp-content\/uploads\/2025\/08\/HappyLiving-600x750.jpg 600w\" sizes=\"(max-width: 1080px) 100vw, 1080px\" \/>\t\t\t\t\t\t\t\t\t\t\t\t\t\t\t<\/div>\n\t\t\t\t<div class=\"elementor-element elementor-element-8c96a6e elementor-widget__width-initial elementor-absolute elementor-widget-tablet__width-inherit elementor-widget elementor-widget-litho-video-button\" data-id=\"8c96a6e\" data-element_type=\"widget\" data-settings=\"{&quot;_position&quot;:&quot;absolute&quot;}\" data-widget_type=\"litho-video-button.default\">\n\t\t\t\t<div class=\"elementor-widget-container\">\n\t\t\t\t\t\t\t\t\t\t\t<div class=\"video-button-wrap video-button-style-1 \">\n\t\t\t\t\t\t\t\t\t\t\t\t\t\t\t<a href=\"https:\/\/happylivingcenter.com\/wp-content\/uploads\/2025\/08\/Por-fin-algo-diferente-a-las-dietas-que-no-funcionan_-Maria.mp4\" class=\"video-icon-box litho-popup-wrapper popup-youtube\">\n\t\t\t\t\t\t\t\t\t\t\t\t\t\t\t\t\t\t\t\t\t\t<span class=\"video-icon\">\n\t\t\t\t\t\t\t\t\t<i aria-hidden=\"true\" class=\"fa-solid fa-play\"><\/i>\t\t\t\t\t\t\t\t\t\t\t\t\t\t\t\t\t\t\t<span class=\"video-icon-sonar\">\n\t\t\t\t\t\t\t\t\t\t\t<span class=\"video-icon-sonar-bfr\"><\/span>\n\t\t\t\t\t\t\t\t\t\t<\/span>\n\t\t\t\t\t\t\t\t\t\t\t\t\t\t\t\t\t<\/span>\n\t\t\t\t\t\t\t\t\t\t\t\t\t\t\t\t\t\t\t\t\t\t\t\t\t\t\t\t<span class=\"screen-reader-text\">Video Button<\/span>\n\t\t\t\t\t\t\t<\/a>\n\t\t\t\t\t\t\t\t\t\t\t\t\t<\/div>\n\t\t\t\t\t\t\t\t\t<\/div>\n\t\t\t\t<\/div>\n\t\t\t\t\t<\/div>\n\t\t<\/div>\n\t\t\t\t\t<\/div>\n\t\t<\/section>\n\t\t\t\t<\/div>\n\t\t","protected":false},"excerpt":{"rendered":"<p>\ud83c\udf93 Masterclass \ud83d\udd25 \u201cLibera tu Peso Emocional\u201d \u00bfSab\u00edas que muchas veces tu sobrepeso no est\u00e1 en la comida\u2026 sino en tus emociones? En esta masterclass descubrir\u00e1s c\u00f3mo la medicina y la psicolog\u00eda trabajan juntas para: Sanar tu relaci\u00f3n con la comida Comprender el impacto de las emociones en tu peso Aprender estrategias pr\u00e1cticas para vivir [&hellip;]<\/p>\n","protected":false},"author":1,"featured_media":0,"parent":0,"menu_order":172,"comment_status":"closed","ping_status":"closed","template":"","meta":{"footnotes":""},"class_list":["post-75957","page","type-page","status-publish","hentry"],"_links":{"self":[{"href":"https:\/\/happylivingcenter.com\/index.php\/wp-json\/wp\/v2\/pages\/75957","targetHints":{"allow":["GET"]}}],"collection":[{"href":"https:\/\/happylivingcenter.com\/index.php\/wp-json\/wp\/v2\/pages"}],"about":[{"href":"https:\/\/happylivingcenter.com\/index.php\/wp-json\/wp\/v2\/types\/page"}],"author":[{"embeddable":true,"href":"https:\/\/happylivingcenter.com\/index.php\/wp-json\/wp\/v2\/users\/1"}],"replies":[{"embeddable":true,"href":"https:\/\/happylivingcenter.com\/index.php\/wp-json\/wp\/v2\/comments?post=75957"}],"version-history":[{"count":4,"href":"https:\/\/happylivingcenter.com\/index.php\/wp-json\/wp\/v2\/pages\/75957\/revisions"}],"predecessor-version":[{"id":75961,"href":"https:\/\/happylivingcenter.com\/index.php\/wp-json\/wp\/v2\/pages\/75957\/revisions\/75961"}],"wp:attachment":[{"href":"https:\/\/happylivingcenter.com\/index.php\/wp-json\/wp\/v2\/media?parent=75957"}],"curies":[{"name":"wp","href":"https:\/\/api.w.org\/{rel}","templated":true}]}}